{"id":2,"date":"2010-09-11T12:07:32","date_gmt":"2010-09-11T10:07:32","guid":{"rendered":"http:\/\/www.pfuba.de\/?page_id=2"},"modified":"2010-09-17T15:44:13","modified_gmt":"2010-09-17T13:44:13","slug":"eine-seite","status":"publish","type":"page","link":"https:\/\/www.pfuba.de\/?page_id=2","title":{"rendered":"Startseite"},"content":{"rendered":"<h3><span style=\"font-weight: normal;\">Sie kennen das sicher, Sie lassen einen Handwerker kommen, vertrauen ihm, vergeben einen Auftrag und sind hinterher entt\u00e4uscht. <\/span><\/h3>\n<h3><span style=\"font-weight: normal;\">Leider ist es heutzutage allzu \u00fcblich, Personal aus u.a. osteurop\u00e4ischen L\u00e4ndern einzusetzen, die geringere Lohnkosten verursachen. Dies beteutet aber auch, das in der Regel keine Ausbildung nach Deutschen Ma\u00dfst\u00e4ben vorliegt.<\/span><\/h3>\n<h3><span style=\"font-weight: normal;\">K\u00f6nnen Sie beurteilen, ob die Arbeit die ausgef\u00fchrt wurde fachgerecht und ordentlich ist?<\/span><\/h3>\n<h3><span style=\"font-weight: normal;\">Wahrscheinlich nicht.<\/span><\/h3>\n<h3><span style=\"font-weight: normal;\">Das soll sich ab jetzt mit dieser Webseite \u00e4ndern.<\/span><\/h3>\n<h3><span style=\"font-weight: normal;\">Wir wollen versuchen Ihnen einen Wissenshintergrund zu vermitteln, anhand dem Sie selbst in der Lage sein werden, Handwerke beurteilen zu k\u00f6nnen. <\/span><\/h3>\n<h3><span style=\"font-weight: normal;\">Am besten Sie definieren exakt vor Vergabe eines Auftrages m\u00f6glichst genau, was und wie Sie die Arbeiten ausgef\u00fchrt haben m\u00f6chten, noch besser wenn Sie dies Schriftlich festhalten. Um so leichter ist es Missverst\u00e4ndnisse und Fehler von zu verhindern. <\/span><\/h3>\n<h3><span style=\"font-weight: normal;\">Planen Sie ein Haus zu Bauen? Dokumentieren Sie wenn m\u00f6glich, \u00a0jeden Tag mit Fotos die einzelnen Bauabschnitte.\u00a0 Dann wissen Sie eventuell, Sp\u00e4ter nach Fertigstellung, wie, was und wo\u00a0Arbeiten\u00a0ausgef\u00fchrt wurden. <\/span><\/h3>\n<h3><span style=\"font-weight: normal;\">Im Streitfall werden sie eh\u00a0nicht umhin kommen, einen oder sogar mehrere\u00a0Gutachter einschalten zu m\u00fcssen.<\/span><\/h3>\n<h3><span style=\"font-weight: normal;\">Sollten Sie den Verdacht haben, das Ihnen Bau-Pfusch zugef\u00fcgt wurde, versuchen Sie ihr Thema hier zu finden. Sollte Ihr Thema hier noch nicht zu finden sein, lassen Sie uns von Ihrer Erfahrung profitieren.<\/span><\/h3>\n<h3><span style=\"font-weight: normal;\">Sie k\u00f6nnen uns helfen, unser Wissen zu vervollst\u00e4ndigen in dem Sie uns Ihre Erfahrungen mitteilen. Am besten ist es, wenn\u00a0 Sie zu Ihrem Problem bereits Gutachten haben, die sie uns zur Verf\u00fcgung Stellen k\u00f6nnten. Das Sahneh\u00e4ubchen w\u00e4re dazu noch eine Foto-Dokumentation. Sie k\u00f6nnen sich alternativ auf dieser Webseite registrieren und selbst den entsprechenden Artikel verfassen. Bitte achten Sie darauf keine Firmen Namen zu Nennen. Wir wollen nicht anprangern, sondern aufkl\u00e4ren!<\/span><\/h3>\n<h3><span style=\"font-weight: normal;\">Wir w\u00fcnschen Ihnen auf jeden Fall viel Erfolg bei ihren Vorhaben.<\/span><\/h3>\n","protected":false},"excerpt":{"rendered":"<p>Sie kennen das sicher, Sie lassen einen Handwerker kommen, vertrauen ihm, vergeben einen Auftrag und sind hinterher entt\u00e4uscht. Leider ist es heutzutage allzu \u00fcblich, Personal aus u.a. osteurop\u00e4ischen L\u00e4ndern einzusetzen, die geringere Lohnkosten verursachen. Dies beteutet aber auch, das in der Regel keine Ausbildung nach Deutschen Ma\u00dfst\u00e4ben vorliegt. K\u00f6nnen Sie beurteilen, ob die Arbeit die [&hellip;]<\/p>\n","protected":false},"author":1,"featured_media":0,"parent":0,"menu_order":0,"comment_status":"open","ping_status":"open","template":"","meta":[],"_links":{"self":[{"href":"https:\/\/www.pfuba.de\/index.php?rest_route=\/wp\/v2\/pages\/2"}],"collection":[{"href":"https:\/\/www.pfuba.de\/index.php?rest_route=\/wp\/v2\/pages"}],"about":[{"href":"https:\/\/www.pfuba.de\/index.php?rest_route=\/wp\/v2\/types\/page"}],"author":[{"embeddable":true,"href":"https:\/\/www.pfuba.de\/index.php?rest_route=\/wp\/v2\/users\/1"}],"replies":[{"embeddable":true,"href":"https:\/\/www.pfuba.de\/index.php?rest_route=%2Fwp%2Fv2%2Fcomments&post=2"}],"version-history":[{"count":9,"href":"https:\/\/www.pfuba.de\/index.php?rest_route=\/wp\/v2\/pages\/2\/revisions"}],"predecessor-version":[{"id":5,"href":"https:\/\/www.pfuba.de\/index.php?rest_route=\/wp\/v2\/pages\/2\/revisions\/5"}],"wp:attachment":[{"href":"https:\/\/www.pfuba.de\/index.php?rest_route=%2Fwp%2Fv2%2Fmedia&parent=2"}],"curies":[{"name":"wp","href":"https:\/\/api.w.org\/{rel}","templated":true}]}}